{"id":31,"date":"2014-07-02T21:36:37","date_gmt":"2014-07-02T19:36:37","guid":{"rendered":"http:\/\/wer-besiegt-paul.de\/?page_id=31"},"modified":"2023-05-09T15:23:29","modified_gmt":"2023-05-09T13:23:29","slug":"tickets","status":"publish","type":"page","link":"https:\/\/wer-besiegt-paul.de\/?page_id=31","title":{"rendered":"Tickets"},"content":{"rendered":"<style type=\"text\/css\">\r\n\t.check{\r\n\t\tcolor: #ff0321;\r\n\t\tfont-size:12;\r\n\t}\r\n\t\r\n<\/style>\r\n<h2>Online-Ticket<\/h2>\r\n<span>Bestellen Sie ganz bequem <strong>online<\/strong> Ihre Tickets f\u00fcr die n\u00e4chste Show. F\u00fcllen Sie dazu bitte folgendes Formular aus:<span><br \/><br \/>\r\n\r\n<span style=\"color: #f0be0c;\">\r\n\t<span class=\"title\">Wer besiegt Paul? #8<\/span>\r\n<\/span><br \/>\r\n<strong>Oktober 2025 &bull; 19:00 Uhr<\/strong><br \/>\r\nStadthalle Hohen Neuendorf<br \/><br \/>\r\n\r\n<form action=\"ticket.php\" method=\"POST\" name=\"ticket\">\r\n\t<input type=\"hidden\" id=\"upgradeindex\" name=\"upgrade\" value=\"0\"\/>\r\n\t<input type=\"hidden\" id=\"paytypeindex\" name=\"paytype\" value=\"0\"\/>\r\n\t<input type=\"hidden\" id=\"vctypeindex\" name=\"vctype\" value=\"0\"\/>\r\n\t<table class=\"tickets\">\r\n\t\t<tbody>\r\n\t\t\t<tr>\r\n\t\t\t\t<td>Name:<\/td>\r\n\t\t\t\t<td>\r\n\t\t\t\t\t<input class=\"textfeld\" name=\"name\" type=\"text\" \/>\r\n\t\t\t\t\t<div id=\"name_c\" class=\"check\"><\/div>\r\n\t\t\t\t<\/td>\r\n\t\t\t<\/tr>\r\n\t\t\t<tr>\r\n\t\t\t\t<td>E-Mail-Adresse:<\/td>\r\n\t\t\t\t<td>\r\n\t\t\t\t\t<input class=\"textfeld textfeld_format bm\" name=\"email\" type=\"text\" \/>\r\n\t\t\t\t\t<div id=\"email_c\" class=\"check\"><\/div>\r\n\t\t\t\t<\/td>\r\n\t\t\t<\/tr>\r\n\t\t\t<tr>\r\n\t\t\t\t<td>E-Mail-Adresse best\u00e4tigen:<\/td>\r\n\t\t\t\t<td>\r\n\t\t\t\t\t<input class=\"textfeld textfeld_format bm\" name=\"email_repeat\" type=\"text\" \/><br \/>\r\n\t\t\t\t\t<span class=\"anmerkung\">Sie erhalten die Tickets per E-Mail und k\u00f6nnen sich diese selbst ausdrucken.<\/span><br \/>\r\n\t\t\t\t<\/td>\r\n\t\t\t<\/tr>\r\n\t\t\t<tr>\r\n\t\t\t\t<td>\r\n\t\t\t\t\t<strong>Tickets<\/strong>\r\n\t\t\t\t<\/td>\r\n\t\t\t\t<td>\r\n\t\t\t\t\t<div id=\"count_c\" class=\"check\"><\/div>\r\n\t\t\t\t<\/td>\r\n\t\t\t<\/tr>\r\n\t\t\t<tr>\r\n\t\t\t\t<td>Anzahl regul\u00e4rer Tickets:<\/td>\r\n\t\t\t\t<td>\r\n\t\t\t\t\t<select id=\"reg\" class=\"options\" name=\"reg_tickets\" onchange=\"preisberechnen();\">\r\n\t\t\t\t\t\t<option>0<\/option>\r\n\t\t\t\t\t\t<option>1<\/option>\r\n\t\t\t\t\t\t<option>2<\/option>\r\n\t\t\t\t\t\t<option>3<\/option>\r\n\t\t\t\t\t\t<option>4<\/option>\r\n\t\t\t\t\t\t<option>5<\/option>\r\n\t\t\t\t\t\t<option>6<\/option>\r\n\t\t\t\t\t\t<option>7<\/option>\r\n\t\t\t\t\t\t<option>8<\/option>\r\n\t\t\t\t\t\t<option>9<\/option>\r\n\t\t\t\t\t\t<option>10<\/option>\r\n\t\t\t\t\t\t<option>11<\/option>\r\n\t\t\t\t\t\t<option>12<\/option>\r\n\t\t\t\t\t\t<option>13<\/option>\r\n\t\t\t\t\t\t<option>14<\/option>\r\n\t\t\t\t\t\t<option>15<\/option>\r\n\t\t\t\t\t\t<option>16<\/option>\r\n\t\t\t\t\t\t<option>17<\/option>\r\n\t\t\t\t\t\t<option>18<\/option>\r\n\t\t\t\t\t\t<option>19<\/option>\r\n\t\t\t\t\t\t<option>20<\/option>\r\n\t\t\t\t\t<\/select>\r\n\t\t\t\t\t<span class=\"preise\">10,00 \u20ac pro Ticket<\/span>\r\n\t\t\t\t<\/td>\r\n\t\t\t<\/tr>\r\n\t\t\t<tr>\r\n\t\t\t\t<td>Anzahl erm\u00e4\u00dfigter Tickets:<\/td>\r\n\t\t\t\t<td>\r\n\t\t\t\t\t<select id=\"erm\" class=\"options\" name=\"erm_tickets\" onchange=\"preisberechnen();\">\r\n\t\t\t\t\t\t<option>0<\/option>\r\n\t\t\t\t\t\t<option>1<\/option>\r\n\t\t\t\t\t\t<option>2<\/option>\r\n\t\t\t\t\t\t<option>3<\/option>\r\n\t\t\t\t\t\t<option>4<\/option>\r\n\t\t\t\t\t\t<option>5<\/option>\r\n\t\t\t\t\t\t<option>6<\/option>\r\n\t\t\t\t\t\t<option>7<\/option>\r\n\t\t\t\t\t\t<option>8<\/option>\r\n\t\t\t\t\t\t<option>9<\/option>\r\n\t\t\t\t\t\t<option>10<\/option>\r\n\t\t\t\t\t\t<option>11<\/option>\r\n\t\t\t\t\t\t<option>12<\/option>\r\n\t\t\t\t\t\t<option>13<\/option>\r\n\t\t\t\t\t\t<option>14<\/option>\r\n\t\t\t\t\t\t<option>15<\/option>\r\n\t\t\t\t\t\t<option>16<\/option>\r\n\t\t\t\t\t\t<option>17<\/option>\r\n\t\t\t\t\t\t<option>18<\/option>\r\n\t\t\t\t\t\t<option>19<\/option>\r\n\t\t\t\t\t\t<option>20<\/option>\r\n\t\t\t\t\t<\/select>\r\n\t\t\t\t\t<span class=\"preise\">6,00 \u20ac pro Ticket<\/span>\r\n\t\t\t\t\t<span class=\"help\">[?]\r\n\t\t\t\t\t\t<span>\r\n\t\t\t\t\t\t\tAnspruch auf ein erm\u00e4\u00dfigtes Ticket haben:<br \/>\r\n\t\t\t\t\t\t\t&#8211; alle Personen, welche nach dem 15.10.2005 geboren wurden (max. 18 Jahre alt), <br \/>\r\n\t\t\t\t\t\t\t&#8211; Schwerbehinderte (ab 75%)\r\n\t\t\t\t\t\t<\/span>\r\n\t\t\t\t\t<\/span>\r\n\t\t\t\t\t<div id=\"count_c\" class=\"check\"><\/div>\r\n\t\t\t\t<\/td>\r\n\t\t\t<\/tr>\r\n\t\t\t<tr id=\"erm_info\" style=\"display:none\">\r\n\t\t\t\t<td><\/td>\r\n\t\t\t\t<td>\r\n\t\t\t\t\t<div style=\"background-color:#f6f6f6;border-color:#e4e4e4;border-style:solid;border-width:1px;border-radius:5px;font-size:11px;color:#444444;padding-left:10px;width:90%;padding-top:6px; padding-bottom:6px;\">\r\n\t\t\t\t\t\tAnspruch auf ein erm\u00e4\u00dfigtes Ticket haben:<br \/>\r\n\t\t\t\t\t\t&#8211; alle Personen, welche nach dem 15.10.2005 geboren wurden (max. 18 Jahre alt), <br \/>\r\n\t\t\t\t\t\t&#8211; Schwerbehinderte (ab 75%)\r\n\t\t\t\t\t<\/div>\r\n\t\t\t\t<\/td>\r\n\t\t\t<\/tr>\r\n\t\t\t<tr>\r\n\t\t\t\t<td style=\"vertical-align:top\">Platzwahl:<\/td>\r\n\t\t\t\t<td>\r\n\t\t\t\t\t<div id='regul\u00e4r' class=\"select_upgrade\">Standard-Platz<br \/><span class=\"smallline2\">ohne Platzreservierung<\/span><\/div>\r\n\t\t\t\t\t<div id='loge' class=\"unselect_upgrade\"\">Logen-Pl\u00e4tze<br \/><span class=\"smallline2\">mit Platzreservierung<\/span><br \/><span class=\"smallline\">+4,00 \u20ac pro Ticket<\/span><\/div>\r\n\t\t\t\t\t<div id='vip' class=\"unselect_upgrade\">VIP-Pl\u00e4tze<br \/><span class=\"smallline2\">mit Platzreservierung<\/span><br \/><span class=\"smallline\">+8,00 \u20ac pro Ticket<\/span><\/div>\r\n\t\t\t\t\t<img decoding=\"async\" id=\"sitzplatzbild\" src=\"http:\/\/wer-besiegt-paul.de\/wp-content\/uploads\/2018\/01\/standard.png\">\r\n\t\t\t\t<\/td>\r\n\t\t\t<\/tr>\r\n\t\t\t<tr>\r\n\t\t\t\t<td style=\"vertical-align:top\">Zahlungsweise:<\/td>\r\n\t\t\t\t<td>\r\n\t\t\t\t\t<div id='sepa' class=\"select_upgrade\">\u00dcberweisung<br \/><span class=\"smallline2\">ohne Geb\u00fchr<\/span><\/div>\r\n\t\t\t\t\t<div id='paypal' class=\"unselect_upgrade\">PayPal<br \/><span class=\"smallline2\">mit Geb\u00fchr<\/span><br \/><span class=\"smallline\">+<span id=\"paypalprice\">0,35 \u20ac<\/span><\/span><\/div>\r\n\t\t\t\t\t<div style=\"margin-top:70px;display:none\" id=\"paypalposten2\"><small>PayPal erhebt eine Geb\u00fchr von <span id=\"ppfee_fix\"><\/span>\u20ac + <span id=\"ppfee_prop\"><\/span>% des Betrages<\/small><\/div>\r\n\t\t\t\t<\/td>\r\n\t\t\t<\/tr>\r\n\t\t\t<tr id=\"paypalposten\" style=\"display:none\">\r\n\t\t\t\t<td style=\"vertical-align:top\">PayPal-Geb\u00fchr:<\/td>\r\n\t\t\t\t<td>\r\n\t\t\t\t\t<span class=\"preis\"><span id=\"paypalshow\">0,00 \u20ac<\/span><\/span>\r\n\t\t\t\t<\/td>\r\n\t\t\t<\/tr>\r\n\t\t\t<tr>\r\n\t\t\t\t<td>Gesamtpreis:<\/td>\r\n\t\t\t\t<td><span class=\"preis\"><span id=\"show\">0,00 \u20ac<\/span><\/span><\/td>\r\n\t\t\t<\/tr>\r\n\t\t\t<tr>\r\n\t\t\t\t<td><\/td>\r\n\t\t\t\t<td><\/td>\r\n\t\t\t<\/tr>\r\n\t\t\t<tr>\r\n\t\t\t\t<td>Anmerkung:<\/td>\r\n\t\t\t\t<td><textarea class=\"bm\" name=\"anmerkungen\" placeholder=\"Hier k\u00f6nnen Sie ggf. Anmerkungen notieren (optional).\"><\/textarea><\/td>\r\n\t\t\t<\/tr>\r\n\t\t\t<tr>\r\n\t\t\t\t<td>AGB:<\/td>\r\n\t\t\t\t<td>\r\n\t\t\t\t\t<input id=\"accept\" type=\"checkbox\"\/> Ich akzeptiere die <a href=\"http:\/\/wer-besiegt-paul.de\/?page_id=1364\" target=\"_blank\" rel=\"noopener\">allgemeinen Gesch\u00e4ftsbedingungen<\/a>.\r\n\t\t\t\t\t<div id=\"agbread\" class=\"check\"><\/div><br>\r\n\t\t\t\t<\/td>\r\n\t\t\t\t\r\n\t\t\t<\/tr>\r\n\t\t\t<tr>\r\n\t\t\t\t<td><\/td>\r\n\t\t\t\t<td><input class=\"button2\" type=\"button\" value=\"Ticket-Bestellung absenden\" onclick=\"submit_check();\"\/><\/td>\r\n\t\t\t<\/tr>\r\n\t\t<\/tbody>\r\n\t<\/table>\r\n<\/form>\r\n\r\n<script src=\"..\/admin\/wbpinfo.php?call=paypalfee_js\"><\/script>\r\n<script src=\"..\/admin\/wbpinfo.php?call=vars_js\"><\/script>\r\n<script>\r\n\tvar upgrade = 0;\r\n\tvar paytype = 0;\r\n\tfunction CurrencyFormat(value){\r\n\t\treturn value.toFixed(2).replace('.',',');\r\n\t}\r\n\tfunction preisberechnen(){\r\n\t\tvar reg = document.getElementById('reg');\r\n\t\tvar erm = document.getElementById('erm');\r\n\t\tvar ppp = document.getElementById('paypalprice');\r\n\t\tvar price; \r\n\t\tprice = reg.value*10 + erm.value*6;\r\n\t\tif(erm.value > 0){\r\n\t\t\tdocument.getElementById(\"erm_info\").style.display=\"table-row\";\r\n\t\t}else{\r\n\t\t\tdocument.getElementById(\"erm_info\").style.display=\"none\";\r\n\t\t}\r\n\t\tif (upgrade == 1){\r\n\t\t\tprice += 4*(reg.value*1 + erm.value*1);\r\n\t\t}\r\n\t\telse if(upgrade == 2){\r\n\t\t\tprice += 8*(reg.value*1+erm.value*1);\r\n\t\t}\r\n\t\tvar paypalaufschlag = PayPalFee(price);\r\n\t\tppp.innerHTML = CurrencyFormat(paypalaufschlag) + ' \u20ac';\r\n\t\tdocument.getElementById('paypalshow').innerHTML = '+'+CurrencyFormat(paypalaufschlag) + ' \u20ac';\r\n\t\tif (paytype==1){\r\n\t\t\tprice += paypalaufschlag;\r\n\t\t}\r\n\t\tconsole.log(price);\r\n\t\tdocument.getElementById('show').innerHTML = CurrencyFormat(price) + ' \u20ac';\r\n\t}\r\n\t\r\n\tfunction submit_check(){\r\n\t\tvar reg = document.getElementById('reg');\r\n\t\tvar erm = document.getElementById('erm');\r\n\t\tvar massage=\"\";\r\n\t\tvar i = 0;\t\t\r\n\t\t\r\n\t\tif(reg.value*1 + erm.value*1 == 0) {message = \"Sie m\u00fcssen mindestens ein Ticket bestellen.\"; i=1;}\r\n\t\telse  message = \"\";\r\n\t\tdocument.getElementById(\"count_c\").innerHTML = message;\r\n\t\t\r\n\t\tif(document.ticket.email.value == \"\") {message = \"Bitte ausf\u00fcllen.\"; i=1;}\r\n\t\t\/\/else if(checkEmailAdr(document.ticket.email.value) == false) {message = \"Ung\u00fcltige E-Mail-Adresse.\"; i=1;}\r\n\t\telse if(document.ticket.email.value != document.ticket.email_repeat.value){message = \"Bitte \u00fcberpr\u00fcfen Sie Ihre Eingabe.\"; i=1;}\r\n\t\telse message = \"\";\r\n\t\tdocument.getElementById(\"email_c\").innerHTML = message;\r\n\t\t\r\n\t\tif(document.ticket.name.value == \"\") {message = \"Bitte ausf\u00fcllen.\"; i=1;}\r\n\t\telse  message = \"\";\r\n\t\tdocument.getElementById(\"name_c\").innerHTML = message;\r\n\t\t\r\n\t\tif(document.ticket.accept.checked == false) {message = \"Bitte lesen und akzeptieren.\"; i=1;}\r\n\t\telse  message = \"\";\r\n\t\tdocument.getElementById(\"agbread\").innerHTML = message;\r\n\t\t\r\n\t\tif(i==0){document.ticket.submit();}\r\n\t}\r\n   \tfunction upgrade_ticket(num){\r\n\t\tupgrade = num;\r\n\t\tdocument.getElementById(\"upgradeindex\").value = num;\r\n\t\tif(num == 0){\r\n\t\t\tdocument.getElementById('sitzplatzbild').src='http:\/\/wer-besiegt-paul.de\/wp-content\/uploads\/2018\/01\/standard.png';\r\n\t\t\tdocument.getElementById(\"regul\u00e4r\").className = \"select_upgrade\";\r\n\t\t\tdocument.getElementById(\"loge\").className = \"unselect_upgrade\";\r\n\t\t\tdocument.getElementById(\"vip\").className = \"unselect_upgrade\";\r\n\t\t} \r\n\t\telse if(num == 1){\r\n\t\t\tdocument.getElementById('sitzplatzbild').src='http:\/\/wer-besiegt-paul.de\/wp-content\/uploads\/2018\/01\/loge.png';\r\n\t\t\tdocument.getElementById(\"regul\u00e4r\").className = \"unselect_upgrade\";\r\n\t\t\tdocument.getElementById(\"loge\").className = \"select_upgrade\";\r\n\t\t\tdocument.getElementById(\"vip\").className = \"unselect_upgrade\";\r\n\t\t}\r\n\t\telse if(num == 2){\r\n\t\t\tdocument.getElementById('sitzplatzbild').src='http:\/\/wer-besiegt-paul.de\/wp-content\/uploads\/2018\/01\/vip.png';\r\n\t\t\tdocument.getElementById(\"regul\u00e4r\").className = \"unselect_upgrade\";\r\n\t\t\tdocument.getElementById(\"loge\").className = \"unselect_upgrade\";\r\n\t\t\tdocument.getElementById(\"vip\").className = \"select_upgrade\";\r\n\t\t}\r\n\t\tpreisberechnen();\r\n\t}\r\n\t\r\n\tfunction changePayType(num){\r\n\t\tpaytype = num;\r\n\t\tdocument.getElementById(\"paytypeindex\").value = (num == 0 ? 'o' : 'p');\r\n\t\tif(num == 0){\r\n\t\t\tdocument.getElementById(\"sepa\").className = \"select_upgrade\";\r\n\t\t\tdocument.getElementById(\"paypal\").className = \"unselect_upgrade\";\r\n\t\t\t\r\n\t\t\tdocument.getElementById('paypalposten').style.display='none';\r\n\t\t\tdocument.getElementById('paypalposten2').style.display='none';\r\n\t\t} \r\n\t\telse if(num == 1){\r\n\t\t\tdocument.getElementById(\"sepa\").className = \"unselect_upgrade\";\r\n\t\t\tdocument.getElementById(\"paypal\").className = \"select_upgrade\";\r\n\t\t\t\r\n\t\t\tdocument.getElementById('paypalposten').style.display='table-row';\r\n\t\t\tdocument.getElementById('paypalposten2').style.display='block'\r\n\t\t}\r\n\t\tpreisberechnen();\r\n\t}\r\n\t\r\n\t\r\n\tfunction docLoaded(){\r\n\t\tdocument.getElementById('sepa').addEventListener('click', function(){changePayType(0)});\r\n\t\tdocument.getElementById('paypal').addEventListener('click', function(){changePayType(1)});\r\n\t\t\r\n\t\tdocument.getElementById('ppfee_fix').innerHTML = CurrencyFormat(paypalfee_fix);\r\n\t\tdocument.getElementById('ppfee_prop').innerHTML = CurrencyFormat(paypalfee_prop*100);\r\n\t\t\r\n\t\tdocument.getElementById(\"regul\u00e4r\").addEventListener('click', function(){upgrade_ticket(0)});\r\n\t\tdocument.getElementById(\"loge\").addEventListener('click', function(){upgrade_ticket(1)});\r\n\t\tvar vipBtn = document.getElementById(\"vip\");\r\n\t\tif(vipActive){\r\n\t\t\tvipBtn.addEventListener('click', function(){upgrade_ticket(2)});\r\n\t\t}else{\r\n\t\t\tvipBtn.addEventListener('click', function(){upgrade_ticket(0)});\r\n\t\t\tvipBtn.style.opacity='0.3';\r\n\t\t\tvipBtn.querySelector('.smallline').innerHTML = 'AUSVERKAUFT';\r\n\t\t\tvipBtn.style.cursor='default';\r\n\t\t}\r\n\t\t\r\n\t\t\r\n\t\t\r\n\t}\r\n\t\r\n\tdocument.addEventListener('DOMContentLoaded', docLoaded, false);\r\n<\/script>","protected":false},"excerpt":{"rendered":"Online-Ticket Bestellen Sie ganz bequem online Ihre Tickets f\u00fcr die n\u00e4chste Show. F\u00fcllen Sie dazu bitte folgendes Formular aus: Wer besiegt Paul? #8 Oktober 2025 &bull; 19:00 Uhr Stadthalle Hohen Neuendorf Name: E-Mail-Adresse: E-Mail-Adresse best\u00e4tigen: Sie erhalten die Tickets per E-Mail und k\u00f6nnen sich diese selbst ausdrucken. Tickets Anzahl regul\u00e4rer Tickets: 0 1 2 3 [&hellip;]","protected":false},"author":1,"featured_media":0,"parent":0,"menu_order":0,"comment_status":"closed","ping_status":"closed","template":"","meta":{"ngg_post_thumbnail":0},"yoast_head":"<!-- This site is optimized with the Yoast SEO plugin v20.7 - https:\/\/yoast.com\/wordpress\/plugins\/seo\/ -->\n<title>Wer besiegt Paul? - Tickets<\/title>\n<meta name=\"description\" content=\"Bestellen Sie online Ihre Tickets f\u00fcr &quot;Wer besiegt Paul?&quot; - Deutschlands gr\u00f6\u00dfte ehrenamtliche Gameshow. Tickets ab 4,00 EUR. Bezahlung per \u00dcberweisung und PayPal m\u00f6glich.\" \/>\n<meta name=\"robots\" content=\"index, follow, max-snippet:-1, max-image-preview:large, max-video-preview:-1\" \/>\n<link rel=\"canonical\" href=\"https:\/\/wer-besiegt-paul.de\/?page_id=31\" \/>\n<meta property=\"og:locale\" content=\"de_DE\" \/>\n<meta property=\"og:type\" content=\"article\" \/>\n<meta property=\"og:title\" content=\"Wer besiegt Paul? - Tickets\" \/>\n<meta property=\"og:description\" content=\"Bestellen Sie online Ihre Tickets f\u00fcr &quot;Wer besiegt Paul?&quot; - Deutschlands gr\u00f6\u00dfte ehrenamtliche Gameshow. Tickets ab 4,00 EUR. Bezahlung per \u00dcberweisung und PayPal m\u00f6glich.\" \/>\n<meta property=\"og:url\" content=\"https:\/\/wer-besiegt-paul.de\/?page_id=31\" \/>\n<meta property=\"og:site_name\" content=\"Wer besiegt Paul?\" \/>\n<meta property=\"article:publisher\" content=\"https:\/\/www.facebook.com\/werbesiegtpaul\/\" \/>\n<meta property=\"article:modified_time\" content=\"2023-05-09T13:23:29+00:00\" \/>\n<meta property=\"og:image\" content=\"http:\/\/wer-besiegt-paul.de\/wp-content\/uploads\/2018\/01\/standard.png\" \/>\n<meta name=\"twitter:card\" content=\"summary_large_image\" \/>\n<meta name=\"twitter:label1\" content=\"Gesch\u00e4tzte Lesezeit\" \/>\n\t<meta name=\"twitter:data1\" content=\"4\u00a0Minuten\" \/>\n<script type=\"application\/ld+json\" class=\"yoast-schema-graph\">{\"@context\":\"https:\/\/schema.org\",\"@graph\":[{\"@type\":\"WebPage\",\"@id\":\"https:\/\/wer-besiegt-paul.de\/?page_id=31\",\"url\":\"https:\/\/wer-besiegt-paul.de\/?page_id=31\",\"name\":\"Wer besiegt Paul? - Tickets\",\"isPartOf\":{\"@id\":\"https:\/\/wer-besiegt-paul.de\/#website\"},\"datePublished\":\"2014-07-02T19:36:37+00:00\",\"dateModified\":\"2023-05-09T13:23:29+00:00\",\"description\":\"Bestellen Sie online Ihre Tickets f\u00fcr \\\"Wer besiegt Paul?\\\" - Deutschlands gr\u00f6\u00dfte ehrenamtliche Gameshow. Tickets ab 4,00 EUR. Bezahlung per \u00dcberweisung und PayPal m\u00f6glich.\",\"breadcrumb\":{\"@id\":\"https:\/\/wer-besiegt-paul.de\/?page_id=31#breadcrumb\"},\"inLanguage\":\"de\",\"potentialAction\":[{\"@type\":\"ReadAction\",\"target\":[\"https:\/\/wer-besiegt-paul.de\/?page_id=31\"]}]},{\"@type\":\"BreadcrumbList\",\"@id\":\"https:\/\/wer-besiegt-paul.de\/?page_id=31#breadcrumb\",\"itemListElement\":[{\"@type\":\"ListItem\",\"position\":1,\"name\":\"Startseite\",\"item\":\"https:\/\/wer-besiegt-paul.de\/\"},{\"@type\":\"ListItem\",\"position\":2,\"name\":\"Tickets\"}]},{\"@type\":\"WebSite\",\"@id\":\"https:\/\/wer-besiegt-paul.de\/#website\",\"url\":\"https:\/\/wer-besiegt-paul.de\/\",\"name\":\"Wer besiegt Paul?\",\"description\":\"Deutschlands gr\u00f6\u00dfte ehrenamtliche Live-Wettkampf-Unterhaltungsshow in Hohen Neuendorf\",\"potentialAction\":[{\"@type\":\"SearchAction\",\"target\":{\"@type\":\"EntryPoint\",\"urlTemplate\":\"https:\/\/wer-besiegt-paul.de\/?s={search_term_string}\"},\"query-input\":\"required name=search_term_string\"}],\"inLanguage\":\"de\"}]}<\/script>\n<!-- \/ Yoast SEO plugin. -->","yoast_head_json":{"title":"Wer besiegt Paul? - Tickets","description":"Bestellen Sie online Ihre Tickets f\u00fcr \"Wer besiegt Paul?\" - Deutschlands gr\u00f6\u00dfte ehrenamtliche Gameshow. Tickets ab 4,00 EUR. Bezahlung per \u00dcberweisung und PayPal m\u00f6glich.","robots":{"index":"index","follow":"follow","max-snippet":"max-snippet:-1","max-image-preview":"max-image-preview:large","max-video-preview":"max-video-preview:-1"},"canonical":"https:\/\/wer-besiegt-paul.de\/?page_id=31","og_locale":"de_DE","og_type":"article","og_title":"Wer besiegt Paul? - Tickets","og_description":"Bestellen Sie online Ihre Tickets f\u00fcr \"Wer besiegt Paul?\" - Deutschlands gr\u00f6\u00dfte ehrenamtliche Gameshow. Tickets ab 4,00 EUR. Bezahlung per \u00dcberweisung und PayPal m\u00f6glich.","og_url":"https:\/\/wer-besiegt-paul.de\/?page_id=31","og_site_name":"Wer besiegt Paul?","article_publisher":"https:\/\/www.facebook.com\/werbesiegtpaul\/","article_modified_time":"2023-05-09T13:23:29+00:00","og_image":[{"url":"http:\/\/wer-besiegt-paul.de\/wp-content\/uploads\/2018\/01\/standard.png"}],"twitter_card":"summary_large_image","twitter_misc":{"Gesch\u00e4tzte Lesezeit":"4\u00a0Minuten"},"schema":{"@context":"https:\/\/schema.org","@graph":[{"@type":"WebPage","@id":"https:\/\/wer-besiegt-paul.de\/?page_id=31","url":"https:\/\/wer-besiegt-paul.de\/?page_id=31","name":"Wer besiegt Paul? - Tickets","isPartOf":{"@id":"https:\/\/wer-besiegt-paul.de\/#website"},"datePublished":"2014-07-02T19:36:37+00:00","dateModified":"2023-05-09T13:23:29+00:00","description":"Bestellen Sie online Ihre Tickets f\u00fcr \"Wer besiegt Paul?\" - Deutschlands gr\u00f6\u00dfte ehrenamtliche Gameshow. Tickets ab 4,00 EUR. Bezahlung per \u00dcberweisung und PayPal m\u00f6glich.","breadcrumb":{"@id":"https:\/\/wer-besiegt-paul.de\/?page_id=31#breadcrumb"},"inLanguage":"de","potentialAction":[{"@type":"ReadAction","target":["https:\/\/wer-besiegt-paul.de\/?page_id=31"]}]},{"@type":"BreadcrumbList","@id":"https:\/\/wer-besiegt-paul.de\/?page_id=31#breadcrumb","itemListElement":[{"@type":"ListItem","position":1,"name":"Startseite","item":"https:\/\/wer-besiegt-paul.de\/"},{"@type":"ListItem","position":2,"name":"Tickets"}]},{"@type":"WebSite","@id":"https:\/\/wer-besiegt-paul.de\/#website","url":"https:\/\/wer-besiegt-paul.de\/","name":"Wer besiegt Paul?","description":"Deutschlands gr\u00f6\u00dfte ehrenamtliche Live-Wettkampf-Unterhaltungsshow in Hohen Neuendorf","potentialAction":[{"@type":"SearchAction","target":{"@type":"EntryPoint","urlTemplate":"https:\/\/wer-besiegt-paul.de\/?s={search_term_string}"},"query-input":"required name=search_term_string"}],"inLanguage":"de"}]}},"_links":{"self":[{"href":"https:\/\/wer-besiegt-paul.de\/index.php?rest_route=\/wp\/v2\/pages\/31"}],"collection":[{"href":"https:\/\/wer-besiegt-paul.de\/index.php?rest_route=\/wp\/v2\/pages"}],"about":[{"href":"https:\/\/wer-besiegt-paul.de\/index.php?rest_route=\/wp\/v2\/types\/page"}],"author":[{"embeddable":true,"href":"https:\/\/wer-besiegt-paul.de\/index.php?rest_route=\/wp\/v2\/users\/1"}],"replies":[{"embeddable":true,"href":"https:\/\/wer-besiegt-paul.de\/index.php?rest_route=%2Fwp%2Fv2%2Fcomments&post=31"}],"version-history":[{"count":254,"href":"https:\/\/wer-besiegt-paul.de\/index.php?rest_route=\/wp\/v2\/pages\/31\/revisions"}],"predecessor-version":[{"id":1691,"href":"https:\/\/wer-besiegt-paul.de\/index.php?rest_route=\/wp\/v2\/pages\/31\/revisions\/1691"}],"wp:attachment":[{"href":"https:\/\/wer-besiegt-paul.de\/index.php?rest_route=%2Fwp%2Fv2%2Fmedia&parent=31"}],"curies":[{"name":"wp","href":"https:\/\/api.w.org\/{rel}","templated":true}]}}