{"id":2,"date":"2014-07-02T15:15:33","date_gmt":"2014-07-02T15:15:33","guid":{"rendered":"http:\/\/finn-haag.de\/webwbp\/wordpress\/?page_id=2"},"modified":"2025-09-19T22:36:26","modified_gmt":"2025-09-19T20:36:26","slug":"wer-besiegt-paul","status":"publish","type":"page","link":"https:\/\/wer-besiegt-paul.de\/","title":{"rendered":"Wer besiegt Paul?"},"content":{"rendered":"<div id=\"metaslider-id-1146\" style=\"width: 100%; margin: 0 auto;\" class=\"ml-slider-3-30-1 metaslider metaslider-flex metaslider-1146 ml-slider nav-hidden\">\n    <div id=\"metaslider_container_1146\">\n        <div id=\"metaslider_1146\">\n            <ul aria-live=\"polite\" class=\"slides\">\n                <li style=\"display: none; width: 100%;\" class=\"slide-1336 ms-image\"><a href=\"http:\/\/wer-besiegt-paul.de\/?page_id=41\" target=\"_self\"><img src=\"https:\/\/wer-besiegt-paul.de\/wp-content\/uploads\/2017\/10\/team2017-1.jpg\" height=\"324\" width=\"757\" alt=\"Das Wer besiegt Paul? - Team\" class=\"slider-1146 slide-1336\" title=\"Das Wer besiegt Paul? - Team\" \/><\/a><div class=\"caption-wrap\"><div class=\"caption\">Das Wer besiegt Paul? - Team<\/div><\/div><\/li>\n                <li style=\"display: none; width: 100%;\" class=\"slide-1338 ms-image\"><img src=\"https:\/\/wer-besiegt-paul.de\/wp-content\/uploads\/2017\/10\/wbp4_halle.jpg\" height=\"324\" width=\"757\" alt=\"\" class=\"slider-1146 slide-1338\" \/><div class=\"caption-wrap\"><div class=\"caption\">WBP4 in der ausverkauften Stadthalle Hohen Neuendorf<\/div><\/div><\/li>\n                <li style=\"display: none; width: 100%;\" class=\"slide-1158 ms-image\"><a href=\"http:\/\/wer-besiegt-paul.de\/?page_id=31\" target=\"_self\"><img src=\"https:\/\/wer-besiegt-paul.de\/wp-content\/uploads\/2016\/11\/wbp3_s5.jpg\" height=\"324\" width=\"757\" alt=\"\" class=\"slider-1146 slide-1158\" \/><\/a><div class=\"caption-wrap\"><div class=\"caption\">Bestellen Sie online Tickets!<\/div><\/div><\/li>\n                <li style=\"display: none; width: 100%;\" class=\"slide-1155 ms-image\"><a href=\"http:\/\/wer-besiegt-paul.de\/?page_id=724\" target=\"_self\"><img src=\"https:\/\/wer-besiegt-paul.de\/wp-content\/uploads\/2016\/11\/wbp3_s2.jpg\" height=\"324\" width=\"757\" alt=\"\" class=\"slider-1146 slide-1155\" \/><\/a><div class=\"caption-wrap\"><div class=\"caption\">Kandidat der 3. Ausgabe: Michael Fiedler (27) <\/div><\/div><\/li>\n                <li style=\"display: none; width: 100%;\" class=\"slide-1157 ms-image\"><a href=\"http:\/\/wer-besiegt-paul.de\/?page_id=724\" target=\"_self\"><img src=\"https:\/\/wer-besiegt-paul.de\/wp-content\/uploads\/2016\/11\/wbp3_s4.jpg\" height=\"324\" width=\"757\" alt=\"\" class=\"slider-1146 slide-1157\" \/><\/a><div class=\"caption-wrap\"><div class=\"caption\">Spiel 7: Orbing - Wettrennen in gro\u00dfen B\u00e4llen<\/div><\/div><\/li>\n                <li style=\"display: none; width: 100%;\" class=\"slide-1162 ms-image\"><a href=\"http:\/\/wer-besiegt-paul.de\/?page_id=724\" target=\"_self\"><img src=\"https:\/\/wer-besiegt-paul.de\/wp-content\/uploads\/2016\/11\/wbp3_s7.jpg\" height=\"324\" width=\"757\" alt=\"\" class=\"slider-1146 slide-1162\" \/><\/a><div class=\"caption-wrap\"><div class=\"caption\">Spiel 9: Die Scheibe - Wer bewahrt die ruhigere Hand?<\/div><\/div><\/li>\n                <li style=\"display: none; width: 100%;\" class=\"slide-1160 ms-image\"><a href=\"http:\/\/wer-besiegt-paul.de\/?page_id=724\" target=\"_self\"><img src=\"https:\/\/wer-besiegt-paul.de\/wp-content\/uploads\/2016\/11\/slide6.jpg\" height=\"324\" width=\"757\" alt=\"\" class=\"slider-1146 slide-1160\" \/><\/a><div class=\"caption-wrap\"><div class=\"caption\">Spiel 14: Ich packe meinen Koffer - das dramatische Finale<\/div><\/div><\/li>\n                <li style=\"display: none; width: 100%;\" class=\"slide-1339 ms-image\"><a href=\"http:\/\/wer-besiegt-paul.de\/?page_id=31\" target=\"_self\"><img src=\"https:\/\/wer-besiegt-paul.de\/wp-content\/uploads\/2016\/11\/wbp3_s5.jpg\" height=\"324\" width=\"757\" alt=\"\" class=\"slider-1146 slide-1339\" \/><\/a><div class=\"caption-wrap\"><div class=\"caption\">Bestellen Sie online Tickets!<\/div><\/div><\/li>\n                <li style=\"display: none; width: 100%;\" class=\"slide-1159 ms-image\"><a href=\"https:\/\/www.patreon.com\/wbp\" target=\"_blank\"><img src=\"https:\/\/wer-besiegt-paul.de\/wp-content\/uploads\/2016\/11\/patreon.png\" height=\"324\" width=\"757\" alt=\"\" class=\"slider-1146 slide-1159\" \/><\/a><div class=\"caption-wrap\"><div class=\"caption\">Helfen Sie uns mit einer kleinen Spende<\/div><\/div><\/li>\n            <\/ul>\n        <\/div>\n        \n    <\/div>\n<\/div>\n<p>&nbsp;<\/p>\n<p><strong>Wer besiegt Paul ? &#8211; Ausgabe 8<\/strong><br \/>\n<strong>Oktober 2026 | 19:15 Uhr<\/strong><br \/>\nStadthalle Hohen Neuendorf, Am Rathaus 1<strong><br \/>\n<\/strong><\/p>\n<p>Wer besiegt Paul? &#8211; Deutschlands gr\u00f6\u00dfte ehrenamtliche Gameshow &#8211; geht in die 8. Runde. Wir laden Sie herzlich zur gro\u00dfen Live-Unterhaltungs-Wettkampf-Show im Oktober 2026 in die Stadthalle Hohen Neuendorf ein. Erleben Sie mit \u00fcber 800 weiteren G\u00e4sten einen abwechslungsreichen und unvergesslichen Abend.<\/p>\n<p>Ein Kandidat wird gegen Paul Aurin antreten und in 15 spannenden und unterhaltsamen Spielen aus den Bereichen Wissen, Geschicklichkeit und Sport um den Jackpot von <strong>6.000,00\u20ac<\/strong> k\u00e4mpfen! Dabei spielt zudem eine Rolle, in wieweit die Spieler ihre eigenen F\u00e4higkeiten und Kompetenzen einsch\u00e4tzen k\u00f6nnen.<\/p>\n<p>Als Zuschauer k\u00f6nnen Sie fantastische Preise gewinnen, indem Sie anfangs den Sieger tippen oder an interaktiven Spielen teilnehmen.<\/p>\n<p>Auf folgende musikalische Auftritte der Extra-Klasse k\u00f6nnen Sie sich an diesem Abend freuen:<\/p>\n<ul>\n<li>K07 &#8211; Lehrerband des Marie-Curie-Gymnasiums<\/li>\n<li>TBA<\/li>\n<li>TBA<\/li>\n<\/ul>\n<h3>Tickets<\/h3>\n<p>Tickets k\u00f6nnen unter <a title=\"Tickets\" href=\"http:\/\/wer-besiegt-paul.de\/?page_id=31\">Tickets<\/a> erworben werden.<\/p>\n<h3>Bewerben<\/h3>\n<p>Bewerben Sie sich als Kandidat und k\u00e4mpfen Sie in der n\u00e4chsten Show um den gro\u00dfen Jackpot von unglaublichen<strong> 6.000,00 Euro<\/strong>. Hier gehts zur Bewerbung:<\/p>\n<p><a title=\"Bewerbung\" href=\"http:\/\/wer-besiegt-paul.de\/?page_id=33\">Bewerbungs-Formular<\/a><\/p>\n<h3>Videos<\/h3>\n<p><iframe loading=\"lazy\" title=\"Spiel 15: Leitergolf - Wer besiegt Paul? #4\" width=\"640\" height=\"360\" src=\"https:\/\/www.youtube.com\/embed\/3Vs9G1dhfN8?feature=oembed\" frameborder=\"0\" allow=\"accelerometer; autoplay; clipboard-write; encrypted-media; gyroscope; picture-in-picture; web-share\" allowfullscreen><\/iframe><\/p>\n<p>Weitere multimediale Impressionen unserer Show finden Sie unter: <a href=\"https:\/\/www.youtube.com\/channel\/UCHAmBasAlJF_ovHzB6ivtag\" target=\"_blank\" rel=\"noopener noreferrer\">Videos<\/a><\/p>\n<p><strong><a href=\"http:\/\/wer-besiegt-paul.de\/wp-content\/uploads\/2014\/07\/wbp_1_publikum.jpg\"><img decoding=\"async\" loading=\"lazy\" class=\"alignleft wp-image-1125 size-full\" src=\"http:\/\/wer-besiegt-paul.de\/wp-content\/uploads\/2014\/07\/Unbenannt-2.jpg\" alt=\"Publikum\" width=\"758\" height=\"400\" srcset=\"https:\/\/wer-besiegt-paul.de\/wp-content\/uploads\/2014\/07\/Unbenannt-2.jpg 758w, https:\/\/wer-besiegt-paul.de\/wp-content\/uploads\/2014\/07\/Unbenannt-2-300x158.jpg 300w\" sizes=\"(max-width: 758px) 100vw, 758px\" \/><\/a><\/strong><\/p>\n","protected":false},"excerpt":{"rendered":"<p>&nbsp; Wer besiegt Paul ? &#8211; Ausgabe 8 Oktober 2026 | 19:15 Uhr Stadthalle Hohen Neuendorf, Am Rathaus 1 Wer besiegt Paul? &#8211; Deutschlands gr\u00f6\u00dfte ehrenamtliche Gameshow &#8211; geht in die 8. Runde. Wir laden Sie herzlich zur gro\u00dfen Live-Unterhaltungs-Wettkampf-Show im Oktober 2026 in die Stadthalle Hohen Neuendorf ein. Erleben Sie mit \u00fcber 800 weiteren [&hellip;]<\/p>\n","protected":false},"author":1,"featured_media":0,"parent":0,"menu_order":0,"comment_status":"closed","ping_status":"open","template":"","meta":{"ngg_post_thumbnail":0},"yoast_head":"<!-- This site is optimized with the Yoast SEO plugin v20.7 - https:\/\/yoast.com\/wordpress\/plugins\/seo\/ -->\n<title>Wer besiegt Paul?<\/title>\n<meta name=\"description\" content=\"Erleben Sie Deutschlands gr\u00f6\u00dfte ehrenamtliche Gameshow in Hohen Neuendorf. Ein Kandidat wird gegen Paul Aurin antreten und in 15 spannenden und unterhaltsamen Spielen aus den Bereichen Wissen, Geschicklichkeit und Sport um den Jackpot k\u00e4mpfen!\" \/>\n<meta name=\"robots\" content=\"index, follow, max-snippet:-1, max-image-preview:large, max-video-preview:-1\" \/>\n<link rel=\"canonical\" href=\"https:\/\/wer-besiegt-paul.de\/\" \/>\n<meta property=\"og:locale\" content=\"de_DE\" \/>\n<meta property=\"og:type\" content=\"article\" \/>\n<meta property=\"og:title\" content=\"Wer besiegt Paul?\" \/>\n<meta property=\"og:description\" content=\"Erleben Sie Deutschlands gr\u00f6\u00dfte ehrenamtliche Gameshow in Hohen Neuendorf. Ein Kandidat wird gegen Paul Aurin antreten und in 15 spannenden und unterhaltsamen Spielen aus den Bereichen Wissen, Geschicklichkeit und Sport um den Jackpot k\u00e4mpfen!\" \/>\n<meta property=\"og:url\" content=\"https:\/\/wer-besiegt-paul.de\/\" \/>\n<meta property=\"og:site_name\" content=\"Wer besiegt Paul?\" \/>\n<meta property=\"article:publisher\" content=\"https:\/\/www.facebook.com\/werbesiegtpaul\/\" \/>\n<meta property=\"article:modified_time\" content=\"2025-09-19T20:36:26+00:00\" \/>\n<meta property=\"og:image\" content=\"http:\/\/wer-besiegt-paul.de\/wp-content\/uploads\/2014\/07\/Unbenannt-2.jpg\" \/>\n<meta name=\"twitter:card\" content=\"summary_large_image\" \/>\n<meta name=\"twitter:label1\" content=\"Gesch\u00e4tzte Lesezeit\" \/>\n\t<meta name=\"twitter:data1\" content=\"2\u00a0Minuten\" \/>\n<script type=\"application\/ld+json\" class=\"yoast-schema-graph\">{\"@context\":\"https:\/\/schema.org\",\"@graph\":[{\"@type\":\"WebPage\",\"@id\":\"https:\/\/wer-besiegt-paul.de\/\",\"url\":\"https:\/\/wer-besiegt-paul.de\/\",\"name\":\"Wer besiegt Paul?\",\"isPartOf\":{\"@id\":\"https:\/\/wer-besiegt-paul.de\/#website\"},\"datePublished\":\"2014-07-02T15:15:33+00:00\",\"dateModified\":\"2025-09-19T20:36:26+00:00\",\"description\":\"Erleben Sie Deutschlands gr\u00f6\u00dfte ehrenamtliche Gameshow in Hohen Neuendorf. Ein Kandidat wird gegen Paul Aurin antreten und in 15 spannenden und unterhaltsamen Spielen aus den Bereichen Wissen, Geschicklichkeit und Sport um den Jackpot k\u00e4mpfen!\",\"breadcrumb\":{\"@id\":\"https:\/\/wer-besiegt-paul.de\/#breadcrumb\"},\"inLanguage\":\"de\",\"potentialAction\":[{\"@type\":\"ReadAction\",\"target\":[\"https:\/\/wer-besiegt-paul.de\/\"]}]},{\"@type\":\"BreadcrumbList\",\"@id\":\"https:\/\/wer-besiegt-paul.de\/#breadcrumb\",\"itemListElement\":[{\"@type\":\"ListItem\",\"position\":1,\"name\":\"Startseite\",\"item\":\"https:\/\/wer-besiegt-paul.de\/\"},{\"@type\":\"ListItem\",\"position\":2,\"name\":\"Wer besiegt Paul?\"}]},{\"@type\":\"WebSite\",\"@id\":\"https:\/\/wer-besiegt-paul.de\/#website\",\"url\":\"https:\/\/wer-besiegt-paul.de\/\",\"name\":\"Wer besiegt Paul?\",\"description\":\"Deutschlands gr\u00f6\u00dfte ehrenamtliche Live-Wettkampf-Unterhaltungsshow in Hohen Neuendorf\",\"potentialAction\":[{\"@type\":\"SearchAction\",\"target\":{\"@type\":\"EntryPoint\",\"urlTemplate\":\"https:\/\/wer-besiegt-paul.de\/?s={search_term_string}\"},\"query-input\":\"required name=search_term_string\"}],\"inLanguage\":\"de\"}]}<\/script>\n<!-- \/ Yoast SEO plugin. -->","yoast_head_json":{"title":"Wer besiegt Paul?","description":"Erleben Sie Deutschlands gr\u00f6\u00dfte ehrenamtliche Gameshow in Hohen Neuendorf. Ein Kandidat wird gegen Paul Aurin antreten und in 15 spannenden und unterhaltsamen Spielen aus den Bereichen Wissen, Geschicklichkeit und Sport um den Jackpot k\u00e4mpfen!","robots":{"index":"index","follow":"follow","max-snippet":"max-snippet:-1","max-image-preview":"max-image-preview:large","max-video-preview":"max-video-preview:-1"},"canonical":"https:\/\/wer-besiegt-paul.de\/","og_locale":"de_DE","og_type":"article","og_title":"Wer besiegt Paul?","og_description":"Erleben Sie Deutschlands gr\u00f6\u00dfte ehrenamtliche Gameshow in Hohen Neuendorf. Ein Kandidat wird gegen Paul Aurin antreten und in 15 spannenden und unterhaltsamen Spielen aus den Bereichen Wissen, Geschicklichkeit und Sport um den Jackpot k\u00e4mpfen!","og_url":"https:\/\/wer-besiegt-paul.de\/","og_site_name":"Wer besiegt Paul?","article_publisher":"https:\/\/www.facebook.com\/werbesiegtpaul\/","article_modified_time":"2025-09-19T20:36:26+00:00","og_image":[{"url":"http:\/\/wer-besiegt-paul.de\/wp-content\/uploads\/2014\/07\/Unbenannt-2.jpg"}],"twitter_card":"summary_large_image","twitter_misc":{"Gesch\u00e4tzte Lesezeit":"2\u00a0Minuten"},"schema":{"@context":"https:\/\/schema.org","@graph":[{"@type":"WebPage","@id":"https:\/\/wer-besiegt-paul.de\/","url":"https:\/\/wer-besiegt-paul.de\/","name":"Wer besiegt Paul?","isPartOf":{"@id":"https:\/\/wer-besiegt-paul.de\/#website"},"datePublished":"2014-07-02T15:15:33+00:00","dateModified":"2025-09-19T20:36:26+00:00","description":"Erleben Sie Deutschlands gr\u00f6\u00dfte ehrenamtliche Gameshow in Hohen Neuendorf. Ein Kandidat wird gegen Paul Aurin antreten und in 15 spannenden und unterhaltsamen Spielen aus den Bereichen Wissen, Geschicklichkeit und Sport um den Jackpot k\u00e4mpfen!","breadcrumb":{"@id":"https:\/\/wer-besiegt-paul.de\/#breadcrumb"},"inLanguage":"de","potentialAction":[{"@type":"ReadAction","target":["https:\/\/wer-besiegt-paul.de\/"]}]},{"@type":"BreadcrumbList","@id":"https:\/\/wer-besiegt-paul.de\/#breadcrumb","itemListElement":[{"@type":"ListItem","position":1,"name":"Startseite","item":"https:\/\/wer-besiegt-paul.de\/"},{"@type":"ListItem","position":2,"name":"Wer besiegt Paul?"}]},{"@type":"WebSite","@id":"https:\/\/wer-besiegt-paul.de\/#website","url":"https:\/\/wer-besiegt-paul.de\/","name":"Wer besiegt Paul?","description":"Deutschlands gr\u00f6\u00dfte ehrenamtliche Live-Wettkampf-Unterhaltungsshow in Hohen Neuendorf","potentialAction":[{"@type":"SearchAction","target":{"@type":"EntryPoint","urlTemplate":"https:\/\/wer-besiegt-paul.de\/?s={search_term_string}"},"query-input":"required name=search_term_string"}],"inLanguage":"de"}]}},"_links":{"self":[{"href":"https:\/\/wer-besiegt-paul.de\/index.php?rest_route=\/wp\/v2\/pages\/2"}],"collection":[{"href":"https:\/\/wer-besiegt-paul.de\/index.php?rest_route=\/wp\/v2\/pages"}],"about":[{"href":"https:\/\/wer-besiegt-paul.de\/index.php?rest_route=\/wp\/v2\/types\/page"}],"author":[{"embeddable":true,"href":"https:\/\/wer-besiegt-paul.de\/index.php?rest_route=\/wp\/v2\/users\/1"}],"replies":[{"embeddable":true,"href":"https:\/\/wer-besiegt-paul.de\/index.php?rest_route=%2Fwp%2Fv2%2Fcomments&post=2"}],"version-history":[{"count":71,"href":"https:\/\/wer-besiegt-paul.de\/index.php?rest_route=\/wp\/v2\/pages\/2\/revisions"}],"predecessor-version":[{"id":1704,"href":"https:\/\/wer-besiegt-paul.de\/index.php?rest_route=\/wp\/v2\/pages\/2\/revisions\/1704"}],"wp:attachment":[{"href":"https:\/\/wer-besiegt-paul.de\/index.php?rest_route=%2Fwp%2Fv2%2Fmedia&parent=2"}],"curies":[{"name":"wp","href":"https:\/\/api.w.org\/{rel}","templated":true}]}}